{"id":1330,"date":"2020-08-14T00:36:39","date_gmt":"2020-08-14T00:36:39","guid":{"rendered":"https:\/\/raquetbol.com.gt\/home\/?page_id=1330"},"modified":"2020-08-14T00:50:38","modified_gmt":"2020-08-14T00:50:38","slug":"galerias","status":"publish","type":"page","link":"https:\/\/raquetbol.com.gt\/home\/galerias\/","title":{"rendered":"Galerias"},"content":{"rendered":"\t\t<div data-elementor-type=\"wp-page\" data-elementor-id=\"1330\" class=\"elementor elementor-1330\" data-elementor-post-type=\"page\">\n\t\t\t\t\t\t<section class=\"elementor-section elementor-top-section elementor-element elementor-element-7d0cd6c elementor-section-boxed elementor-section-height-default elementor-section-height-default\" data-id=\"7d0cd6c\" data-element_type=\"section\" data-e-type=\"section\">\n\t\t\t\t\t\t<div class=\"elementor-container elementor-column-gap-default\">\n\t\t\t\t\t<div class=\"elementor-column elementor-col-100 elementor-top-column elementor-element elementor-element-2c23565\" data-id=\"2c23565\" data-element_type=\"column\" data-e-type=\"column\">\n\t\t\t<div class=\"elementor-widget-wrap elementor-element-populated\">\n\t\t\t\t\t\t<div class=\"elementor-element elementor-element-f0b12d4 elementor-widget elementor-widget-heading\" data-id=\"f0b12d4\" data-element_type=\"widget\" data-e-type=\"widget\" data-widget_type=\"heading.default\">\n\t\t\t\t<div class=\"elementor-widget-container\">\n\t\t\t\t\t<h2 class=\"elementor-heading-title elementor-size-default\">Galer\u00edas<\/h2>\t\t\t\t<\/div>\n\t\t\t\t<\/div>\n\t\t\t\t<div class=\"elementor-element elementor-element-67aee37 elementor-invisible elementor-widget elementor-widget-text-editor\" data-id=\"67aee37\" data-element_type=\"widget\" data-e-type=\"widget\" data-settings=\"{&quot;_animation&quot;:&quot;fadeIn&quot;}\" data-widget_type=\"text-editor.default\">\n\t\t\t\t<div class=\"elementor-widget-container\">\n\t\t\t\t\t\t\t\t\t<p><span style=\"color: #666666; font-family: 'Open Sans', Arial, sans-serif; font-size: 14px; font-style: normal; font-weight: 500; text-align: left;\">A continuaci\u00f3n encontrar\u00e1s fotos de nuestras actividades y eventos<\/span><\/p>\t\t\t\t\t\t\t\t<\/div>\n\t\t\t\t<\/div>\n\t\t\t\t<div class=\"elementor-element elementor-element-b272824 elementor-view-default elementor-invisible elementor-widget elementor-widget-icon\" data-id=\"b272824\" data-element_type=\"widget\" data-e-type=\"widget\" data-settings=\"{&quot;_animation&quot;:&quot;fadeInUp&quot;}\" data-widget_type=\"icon.default\">\n\t\t\t\t<div class=\"elementor-widget-container\">\n\t\t\t\t\t\t\t<div class=\"elementor-icon-wrapper\">\n\t\t\t<a class=\"elementor-icon elementor-animation-grow\" href=\"#about\">\n\t\t\t<i aria-hidden=\"true\" class=\"fas fa-location-arrow\"><\/i>\t\t\t<\/a>\n\t\t<\/div>\n\t\t\t\t\t\t<\/div>\n\t\t\t\t<\/div>\n\t\t\t\t\t<\/div>\n\t\t<\/div>\n\t\t\t\t\t<\/div>\n\t\t<\/section>\n\t\t\t\t<section class=\"elementor-section elementor-top-section elementor-element elementor-element-40dc2eb elementor-section-boxed elementor-section-height-default elementor-section-height-default\" data-id=\"40dc2eb\" data-element_type=\"section\" data-e-type=\"section\">\n\t\t\t\t\t\t<div class=\"elementor-container elementor-column-gap-default\">\n\t\t\t\t\t<div class=\"elementor-column elementor-col-100 elementor-top-column elementor-element elementor-element-7455e9f\" data-id=\"7455e9f\" data-element_type=\"column\" data-e-type=\"column\">\n\t\t\t<div class=\"elementor-widget-wrap elementor-element-populated\">\n\t\t\t\t\t\t<div class=\"elementor-element elementor-element-da3f71d elementor-grid-3 elementor-grid-tablet-2 elementor-grid-mobile-1 elementor-posts--thumbnail-top elementor-widget elementor-widget-posts\" data-id=\"da3f71d\" data-element_type=\"widget\" data-e-type=\"widget\" data-settings=\"{&quot;pagination_type&quot;:&quot;numbers_and_prev_next&quot;,&quot;classic_columns&quot;:&quot;3&quot;,&quot;classic_columns_tablet&quot;:&quot;2&quot;,&quot;classic_columns_mobile&quot;:&quot;1&quot;,&quot;classic_row_gap&quot;:{&quot;unit&quot;:&quot;px&quot;,&quot;size&quot;:35,&quot;sizes&quot;:[]},&quot;classic_row_gap_tablet&quot;:{&quot;unit&quot;:&quot;px&quot;,&quot;size&quot;:&quot;&quot;,&quot;sizes&quot;:[]},&quot;classic_row_gap_mobile&quot;:{&quot;unit&quot;:&quot;px&quot;,&quot;size&quot;:&quot;&quot;,&quot;sizes&quot;:[]}}\" data-widget_type=\"posts.classic\">\n\t\t\t\t<div class=\"elementor-widget-container\">\n\t\t\t\t\t\t\t<div class=\"elementor-posts-container elementor-posts elementor-posts--skin-classic elementor-grid\" role=\"list\">\n\t\t\t\t<article class=\"elementor-post elementor-grid-item post-1121 galeria type-galeria status-publish has-post-thumbnail hentry\" role=\"listitem\">\n\t\t\t\t<a class=\"elementor-post__thumbnail__link\" href=\"https:\/\/raquetbol.com.gt\/home\/galeria\/actividad-en-fundacion-margarita-tejada\/\" tabindex=\"-1\" >\n\t\t\t<div class=\"elementor-post__thumbnail\"><img fetchpriority=\"high\" decoding=\"async\" width=\"960\" height=\"540\" src=\"https:\/\/raquetbol.com.gt\/home\/wp-content\/uploads\/2020\/08\/11866357_1073938109284318_4763655371077627424_n.jpg\" class=\"attachment-full size-full wp-image-1133\" alt=\"\" srcset=\"https:\/\/raquetbol.com.gt\/home\/wp-content\/uploads\/2020\/08\/11866357_1073938109284318_4763655371077627424_n.jpg 960w, https:\/\/raquetbol.com.gt\/home\/wp-content\/uploads\/2020\/08\/11866357_1073938109284318_4763655371077627424_n-300x169.jpg 300w, https:\/\/raquetbol.com.gt\/home\/wp-content\/uploads\/2020\/08\/11866357_1073938109284318_4763655371077627424_n-768x432.jpg 768w\" sizes=\"(max-width: 960px) 100vw, 960px\" \/><\/div>\n\t\t<\/a>\n\t\t\t\t<div class=\"elementor-post__text\">\n\t\t\t\t<h3 class=\"elementor-post__title\">\n\t\t\t<a href=\"https:\/\/raquetbol.com.gt\/home\/galeria\/actividad-en-fundacion-margarita-tejada\/\" >\n\t\t\t\tActividad en Fundaci\u00f3n Margarita Tejada\t\t\t<\/a>\n\t\t<\/h3>\n\t\t\t\t<\/div>\n\t\t\t\t<\/article>\n\t\t\t\t<article class=\"elementor-post elementor-grid-item post-1114 galeria type-galeria status-publish has-post-thumbnail hentry\" role=\"listitem\">\n\t\t\t\t<a class=\"elementor-post__thumbnail__link\" href=\"https:\/\/raquetbol.com.gt\/home\/galeria\/atletas-raquetbol\/\" tabindex=\"-1\" >\n\t\t\t<div class=\"elementor-post__thumbnail\"><img decoding=\"async\" width=\"960\" height=\"638\" src=\"https:\/\/raquetbol.com.gt\/home\/wp-content\/uploads\/2020\/08\/295160_405251569486312_1357459036_n-2.jpg\" class=\"attachment-full size-full wp-image-1118\" alt=\"\" srcset=\"https:\/\/raquetbol.com.gt\/home\/wp-content\/uploads\/2020\/08\/295160_405251569486312_1357459036_n-2.jpg 960w, https:\/\/raquetbol.com.gt\/home\/wp-content\/uploads\/2020\/08\/295160_405251569486312_1357459036_n-2-300x199.jpg 300w, https:\/\/raquetbol.com.gt\/home\/wp-content\/uploads\/2020\/08\/295160_405251569486312_1357459036_n-2-768x510.jpg 768w\" sizes=\"(max-width: 960px) 100vw, 960px\" \/><\/div>\n\t\t<\/a>\n\t\t\t\t<div class=\"elementor-post__text\">\n\t\t\t\t<h3 class=\"elementor-post__title\">\n\t\t\t<a href=\"https:\/\/raquetbol.com.gt\/home\/galeria\/atletas-raquetbol\/\" >\n\t\t\t\tAtletas Raquetbol\t\t\t<\/a>\n\t\t<\/h3>\n\t\t\t\t<\/div>\n\t\t\t\t<\/article>\n\t\t\t\t<article class=\"elementor-post elementor-grid-item post-1102 galeria type-galeria status-publish has-post-thumbnail hentry\" role=\"listitem\">\n\t\t\t\t<a class=\"elementor-post__thumbnail__link\" href=\"https:\/\/raquetbol.com.gt\/home\/galeria\/entreno-con-tom-travers\/\" tabindex=\"-1\" >\n\t\t\t<div class=\"elementor-post__thumbnail\"><img decoding=\"async\" width=\"960\" height=\"540\" src=\"https:\/\/raquetbol.com.gt\/home\/wp-content\/uploads\/2020\/08\/11076182_998219936856136_2747929777927318303_n.jpg\" class=\"attachment-full size-full wp-image-1108\" alt=\"\" srcset=\"https:\/\/raquetbol.com.gt\/home\/wp-content\/uploads\/2020\/08\/11076182_998219936856136_2747929777927318303_n.jpg 960w, https:\/\/raquetbol.com.gt\/home\/wp-content\/uploads\/2020\/08\/11076182_998219936856136_2747929777927318303_n-300x169.jpg 300w, https:\/\/raquetbol.com.gt\/home\/wp-content\/uploads\/2020\/08\/11076182_998219936856136_2747929777927318303_n-768x432.jpg 768w\" sizes=\"(max-width: 960px) 100vw, 960px\" \/><\/div>\n\t\t<\/a>\n\t\t\t\t<div class=\"elementor-post__text\">\n\t\t\t\t<h3 class=\"elementor-post__title\">\n\t\t\t<a href=\"https:\/\/raquetbol.com.gt\/home\/galeria\/entreno-con-tom-travers\/\" >\n\t\t\t\tEntreno con Tom Travers\t\t\t<\/a>\n\t\t<\/h3>\n\t\t\t\t<\/div>\n\t\t\t\t<\/article>\n\t\t\t\t<article class=\"elementor-post elementor-grid-item post-1084 galeria type-galeria status-publish has-post-thumbnail hentry\" role=\"listitem\">\n\t\t\t\t<a class=\"elementor-post__thumbnail__link\" href=\"https:\/\/raquetbol.com.gt\/home\/galeria\/gala-de-premiacion-de-atletas-veracruz-2014\/\" tabindex=\"-1\" >\n\t\t\t<div class=\"elementor-post__thumbnail\"><img loading=\"lazy\" decoding=\"async\" width=\"1200\" height=\"848\" src=\"https:\/\/raquetbol.com.gt\/home\/wp-content\/uploads\/2020\/08\/10854977_981985168479613_9018155730459754578_o.jpg\" class=\"attachment-full size-full wp-image-1092\" alt=\"\" srcset=\"https:\/\/raquetbol.com.gt\/home\/wp-content\/uploads\/2020\/08\/10854977_981985168479613_9018155730459754578_o.jpg 1200w, https:\/\/raquetbol.com.gt\/home\/wp-content\/uploads\/2020\/08\/10854977_981985168479613_9018155730459754578_o-300x212.jpg 300w, https:\/\/raquetbol.com.gt\/home\/wp-content\/uploads\/2020\/08\/10854977_981985168479613_9018155730459754578_o-1024x724.jpg 1024w, https:\/\/raquetbol.com.gt\/home\/wp-content\/uploads\/2020\/08\/10854977_981985168479613_9018155730459754578_o-768x543.jpg 768w\" sizes=\"(max-width: 1200px) 100vw, 1200px\" \/><\/div>\n\t\t<\/a>\n\t\t\t\t<div class=\"elementor-post__text\">\n\t\t\t\t<h3 class=\"elementor-post__title\">\n\t\t\t<a href=\"https:\/\/raquetbol.com.gt\/home\/galeria\/gala-de-premiacion-de-atletas-veracruz-2014\/\" >\n\t\t\t\tGala de Premiaci\u00f3n de Atletas Veracruz 2014\t\t\t<\/a>\n\t\t<\/h3>\n\t\t\t\t<\/div>\n\t\t\t\t<\/article>\n\t\t\t\t<article class=\"elementor-post elementor-grid-item post-1064 galeria type-galeria status-publish has-post-thumbnail hentry\" role=\"listitem\">\n\t\t\t\t<a class=\"elementor-post__thumbnail__link\" href=\"https:\/\/raquetbol.com.gt\/home\/galeria\/juegos-centroamericanos-y-del-caribe-veracruz-2014\/\" tabindex=\"-1\" >\n\t\t\t<div class=\"elementor-post__thumbnail\"><img loading=\"lazy\" decoding=\"async\" width=\"960\" height=\"717\" src=\"https:\/\/raquetbol.com.gt\/home\/wp-content\/uploads\/2020\/08\/10624588_926874773990653_7235624437477292723_n.jpg\" class=\"attachment-full size-full wp-image-1079\" alt=\"\" srcset=\"https:\/\/raquetbol.com.gt\/home\/wp-content\/uploads\/2020\/08\/10624588_926874773990653_7235624437477292723_n.jpg 960w, https:\/\/raquetbol.com.gt\/home\/wp-content\/uploads\/2020\/08\/10624588_926874773990653_7235624437477292723_n-300x224.jpg 300w, https:\/\/raquetbol.com.gt\/home\/wp-content\/uploads\/2020\/08\/10624588_926874773990653_7235624437477292723_n-768x574.jpg 768w\" sizes=\"(max-width: 960px) 100vw, 960px\" \/><\/div>\n\t\t<\/a>\n\t\t\t\t<div class=\"elementor-post__text\">\n\t\t\t\t<h3 class=\"elementor-post__title\">\n\t\t\t<a href=\"https:\/\/raquetbol.com.gt\/home\/galeria\/juegos-centroamericanos-y-del-caribe-veracruz-2014\/\" >\n\t\t\t\tJuegos Centroamericanos y del caribe Veracruz 2014\t\t\t<\/a>\n\t\t<\/h3>\n\t\t\t\t<\/div>\n\t\t\t\t<\/article>\n\t\t\t\t<article class=\"elementor-post elementor-grid-item post-1046 galeria type-galeria status-publish has-post-thumbnail hentry\" role=\"listitem\">\n\t\t\t\t<a class=\"elementor-post__thumbnail__link\" href=\"https:\/\/raquetbol.com.gt\/home\/galeria\/juegos-panamericanos-toronto-2015\/\" tabindex=\"-1\" >\n\t\t\t<div class=\"elementor-post__thumbnail\"><img loading=\"lazy\" decoding=\"async\" width=\"1080\" height=\"720\" src=\"https:\/\/raquetbol.com.gt\/home\/wp-content\/uploads\/2020\/08\/11807805_1067970663214396_1275344375539476538_o.jpg\" class=\"attachment-full size-full wp-image-1056\" alt=\"\" srcset=\"https:\/\/raquetbol.com.gt\/home\/wp-content\/uploads\/2020\/08\/11807805_1067970663214396_1275344375539476538_o.jpg 1080w, https:\/\/raquetbol.com.gt\/home\/wp-content\/uploads\/2020\/08\/11807805_1067970663214396_1275344375539476538_o-300x200.jpg 300w, https:\/\/raquetbol.com.gt\/home\/wp-content\/uploads\/2020\/08\/11807805_1067970663214396_1275344375539476538_o-1024x683.jpg 1024w, https:\/\/raquetbol.com.gt\/home\/wp-content\/uploads\/2020\/08\/11807805_1067970663214396_1275344375539476538_o-768x512.jpg 768w\" sizes=\"(max-width: 1080px) 100vw, 1080px\" \/><\/div>\n\t\t<\/a>\n\t\t\t\t<div class=\"elementor-post__text\">\n\t\t\t\t<h3 class=\"elementor-post__title\">\n\t\t\t<a href=\"https:\/\/raquetbol.com.gt\/home\/galeria\/juegos-panamericanos-toronto-2015\/\" >\n\t\t\t\tJuegos Panamericanos Toronto 2015\t\t\t<\/a>\n\t\t<\/h3>\n\t\t\t\t<\/div>\n\t\t\t\t<\/article>\n\t\t\t\t<article class=\"elementor-post elementor-grid-item post-1040 galeria type-galeria status-publish has-post-thumbnail hentry\" role=\"listitem\">\n\t\t\t\t<a class=\"elementor-post__thumbnail__link\" href=\"https:\/\/raquetbol.com.gt\/home\/galeria\/llegada-a-chile\/\" tabindex=\"-1\" >\n\t\t\t<div class=\"elementor-post__thumbnail\"><img loading=\"lazy\" decoding=\"async\" width=\"960\" height=\"638\" src=\"https:\/\/raquetbol.com.gt\/home\/wp-content\/uploads\/2020\/08\/295160_405251569486312_1357459036_n-1.jpg\" class=\"attachment-full size-full wp-image-1041\" alt=\"\" srcset=\"https:\/\/raquetbol.com.gt\/home\/wp-content\/uploads\/2020\/08\/295160_405251569486312_1357459036_n-1.jpg 960w, https:\/\/raquetbol.com.gt\/home\/wp-content\/uploads\/2020\/08\/295160_405251569486312_1357459036_n-1-300x199.jpg 300w, https:\/\/raquetbol.com.gt\/home\/wp-content\/uploads\/2020\/08\/295160_405251569486312_1357459036_n-1-768x510.jpg 768w\" sizes=\"(max-width: 960px) 100vw, 960px\" \/><\/div>\n\t\t<\/a>\n\t\t\t\t<div class=\"elementor-post__text\">\n\t\t\t\t<h3 class=\"elementor-post__title\">\n\t\t\t<a href=\"https:\/\/raquetbol.com.gt\/home\/galeria\/llegada-a-chile\/\" >\n\t\t\t\tLlegada a Chile\t\t\t<\/a>\n\t\t<\/h3>\n\t\t\t\t<\/div>\n\t\t\t\t<\/article>\n\t\t\t\t<article class=\"elementor-post elementor-grid-item post-1032 galeria type-galeria status-publish has-post-thumbnail hentry\" role=\"listitem\">\n\t\t\t\t<a class=\"elementor-post__thumbnail__link\" href=\"https:\/\/raquetbol.com.gt\/home\/galeria\/mundial-juvenil-2009\/\" tabindex=\"-1\" >\n\t\t\t<div class=\"elementor-post__thumbnail\"><img loading=\"lazy\" decoding=\"async\" width=\"640\" height=\"480\" src=\"https:\/\/raquetbol.com.gt\/home\/wp-content\/uploads\/2020\/08\/30469_134689783209160_3472657_n.jpg\" class=\"attachment-full size-full wp-image-1034\" alt=\"\" srcset=\"https:\/\/raquetbol.com.gt\/home\/wp-content\/uploads\/2020\/08\/30469_134689783209160_3472657_n.jpg 640w, https:\/\/raquetbol.com.gt\/home\/wp-content\/uploads\/2020\/08\/30469_134689783209160_3472657_n-300x225.jpg 300w\" sizes=\"(max-width: 640px) 100vw, 640px\" \/><\/div>\n\t\t<\/a>\n\t\t\t\t<div class=\"elementor-post__text\">\n\t\t\t\t<h3 class=\"elementor-post__title\">\n\t\t\t<a href=\"https:\/\/raquetbol.com.gt\/home\/galeria\/mundial-juvenil-2009\/\" >\n\t\t\t\tMundial Juvenil 2009\t\t\t<\/a>\n\t\t<\/h3>\n\t\t\t\t<\/div>\n\t\t\t\t<\/article>\n\t\t\t\t<article class=\"elementor-post elementor-grid-item post-1022 galeria type-galeria status-publish has-post-thumbnail hentry\" role=\"listitem\">\n\t\t\t\t<a class=\"elementor-post__thumbnail__link\" href=\"https:\/\/raquetbol.com.gt\/home\/galeria\/panamericano-de-raquetbol-temuco-chile-2012\/\" tabindex=\"-1\" >\n\t\t\t<div class=\"elementor-post__thumbnail\"><img loading=\"lazy\" decoding=\"async\" width=\"960\" height=\"638\" src=\"https:\/\/raquetbol.com.gt\/home\/wp-content\/uploads\/2020\/08\/533699_405251616152974_634469773_n.jpg\" class=\"attachment-full size-full wp-image-1025\" alt=\"\" srcset=\"https:\/\/raquetbol.com.gt\/home\/wp-content\/uploads\/2020\/08\/533699_405251616152974_634469773_n.jpg 960w, https:\/\/raquetbol.com.gt\/home\/wp-content\/uploads\/2020\/08\/533699_405251616152974_634469773_n-300x199.jpg 300w, https:\/\/raquetbol.com.gt\/home\/wp-content\/uploads\/2020\/08\/533699_405251616152974_634469773_n-768x510.jpg 768w\" sizes=\"(max-width: 960px) 100vw, 960px\" \/><\/div>\n\t\t<\/a>\n\t\t\t\t<div class=\"elementor-post__text\">\n\t\t\t\t<h3 class=\"elementor-post__title\">\n\t\t\t<a href=\"https:\/\/raquetbol.com.gt\/home\/galeria\/panamericano-de-raquetbol-temuco-chile-2012\/\" >\n\t\t\t\tPanamericano de Raquetbol Temuco Chile 2012\t\t\t<\/a>\n\t\t<\/h3>\n\t\t\t\t<\/div>\n\t\t\t\t<\/article>\n\t\t\t\t<article class=\"elementor-post elementor-grid-item post-970 galeria type-galeria status-publish has-post-thumbnail hentry\" role=\"listitem\">\n\t\t\t\t<a class=\"elementor-post__thumbnail__link\" href=\"https:\/\/raquetbol.com.gt\/home\/galeria\/juegos-deportivos-nacionales-2015\/\" tabindex=\"-1\" >\n\t\t\t<div class=\"elementor-post__thumbnail\"><img loading=\"lazy\" decoding=\"async\" width=\"960\" height=\"540\" src=\"https:\/\/raquetbol.com.gt\/home\/wp-content\/uploads\/2020\/08\/11998919_1092439990767463_2893361611848690878_n.jpg\" class=\"attachment-full size-full wp-image-1005\" alt=\"\" srcset=\"https:\/\/raquetbol.com.gt\/home\/wp-content\/uploads\/2020\/08\/11998919_1092439990767463_2893361611848690878_n.jpg 960w, https:\/\/raquetbol.com.gt\/home\/wp-content\/uploads\/2020\/08\/11998919_1092439990767463_2893361611848690878_n-300x169.jpg 300w, https:\/\/raquetbol.com.gt\/home\/wp-content\/uploads\/2020\/08\/11998919_1092439990767463_2893361611848690878_n-768x432.jpg 768w\" sizes=\"(max-width: 960px) 100vw, 960px\" \/><\/div>\n\t\t<\/a>\n\t\t\t\t<div class=\"elementor-post__text\">\n\t\t\t\t<h3 class=\"elementor-post__title\">\n\t\t\t<a href=\"https:\/\/raquetbol.com.gt\/home\/galeria\/juegos-deportivos-nacionales-2015\/\" >\n\t\t\t\tJuegos Deportivos Nacionales 2015\t\t\t<\/a>\n\t\t<\/h3>\n\t\t\t\t<\/div>\n\t\t\t\t<\/article>\n\t\t\t\t<\/div>\n\t\t\n\t\t\t\t\t\t<\/div>\n\t\t\t\t<\/div>\n\t\t\t\t\t<\/div>\n\t\t<\/div>\n\t\t\t\t\t<\/div>\n\t\t<\/section>\n\t\t\t\t<\/div>\n\t\t","protected":false},"excerpt":{"rendered":"<p>Galer\u00edas A continuaci\u00f3n encontrar\u00e1s fotos de nuestras actividades y eventos<\/p>\n","protected":false},"author":1,"featured_media":0,"parent":0,"menu_order":0,"comment_status":"closed","ping_status":"closed","template":"","meta":{"_acf_changed":false,"site-sidebar-layout":"no-sidebar","site-content-layout":"page-builder","ast-site-content-layout":"default","site-content-style":"default","site-sidebar-style":"default","ast-global-header-display":"","ast-banner-title-visibility":"","ast-main-header-display":"","ast-hfb-above-header-display":"","ast-hfb-below-header-display":"","ast-hfb-mobile-header-display":"","site-post-title":"disabled","ast-breadcrumbs-content":"","ast-featured-img":"disabled","footer-sml-layout":"","ast-disable-related-posts":"","theme-transparent-header-meta":"default","adv-header-id-meta":"","stick-header-meta":"","header-above-stick-meta":"","header-main-stick-meta":"","header-below-stick-meta":"","astra-migrate-meta-layouts":"default","ast-page-background-enabled":"default","ast-page-background-meta":{"desktop":{"background-color":"","background-image":"","background-repeat":"repeat","background-position":"center center","background-size":"auto","background-attachment":"scroll","background-type":"","background-media":"","overlay-type":"","overlay-color":"","overlay-opacity":"","overlay-gradient":""},"tablet":{"background-color":"","background-image":"","background-repeat":"repeat","background-position":"center center","background-size":"auto","background-attachment":"scroll","background-type":"","background-media":"","overlay-type":"","overlay-color":"","overlay-opacity":"","overlay-gradient":""},"mobile":{"background-color":"","background-image":"","background-repeat":"repeat","background-position":"center center","background-size":"auto","background-attachment":"scroll","background-type":"","background-media":"","overlay-type":"","overlay-color":"","overlay-opacity":"","overlay-gradient":""}},"ast-content-background-meta":{"desktop":{"background-color":"var(--ast-global-color-5)","background-image":"","background-repeat":"repeat","background-position":"center center","background-size":"auto","background-attachment":"scroll","background-type":"","background-media":"","overlay-type":"","overlay-color":"","overlay-opacity":"","overlay-gradient":""},"tablet":{"background-color":"var(--ast-global-color-5)","background-image":"","background-repeat":"repeat","background-position":"center center","background-size":"auto","background-attachment":"scroll","background-type":"","background-media":"","overlay-type":"","overlay-color":"","overlay-opacity":"","overlay-gradient":""},"mobile":{"background-color":"var(--ast-global-color-5)","background-image":"","background-repeat":"repeat","background-position":"center center","background-size":"auto","background-attachment":"scroll","background-type":"","background-media":"","overlay-type":"","overlay-color":"","overlay-opacity":"","overlay-gradient":""}},"footnotes":""},"class_list":["post-1330","page","type-page","status-publish","hentry"],"acf":[],"_links":{"self":[{"href":"https:\/\/raquetbol.com.gt\/home\/wp-json\/wp\/v2\/pages\/1330","targetHints":{"allow":["GET"]}}],"collection":[{"href":"https:\/\/raquetbol.com.gt\/home\/wp-json\/wp\/v2\/pages"}],"about":[{"href":"https:\/\/raquetbol.com.gt\/home\/wp-json\/wp\/v2\/types\/page"}],"author":[{"embeddable":true,"href":"https:\/\/raquetbol.com.gt\/home\/wp-json\/wp\/v2\/users\/1"}],"replies":[{"embeddable":true,"href":"https:\/\/raquetbol.com.gt\/home\/wp-json\/wp\/v2\/comments?post=1330"}],"version-history":[{"count":4,"href":"https:\/\/raquetbol.com.gt\/home\/wp-json\/wp\/v2\/pages\/1330\/revisions"}],"predecessor-version":[{"id":1335,"href":"https:\/\/raquetbol.com.gt\/home\/wp-json\/wp\/v2\/pages\/1330\/revisions\/1335"}],"wp:attachment":[{"href":"https:\/\/raquetbol.com.gt\/home\/wp-json\/wp\/v2\/media?parent=1330"}],"curies":[{"name":"wp","href":"https:\/\/api.w.org\/{rel}","templated":true}]}}