{"id":1322,"date":"2020-08-14T00:26:29","date_gmt":"2020-08-14T00:26:29","guid":{"rendered":"https:\/\/raquetbol.com.gt\/home\/?page_id=1322"},"modified":"2020-08-14T00:28:29","modified_gmt":"2020-08-14T00:28:29","slug":"eventos","status":"publish","type":"page","link":"https:\/\/raquetbol.com.gt\/home\/eventos\/","title":{"rendered":"Eventos"},"content":{"rendered":"\t\t<div data-elementor-type=\"wp-page\" data-elementor-id=\"1322\" class=\"elementor elementor-1322\" data-elementor-post-type=\"page\">\n\t\t\t\t\t\t<section class=\"elementor-section elementor-top-section elementor-element elementor-element-f22d897 elementor-section-boxed elementor-section-height-default elementor-section-height-default\" data-id=\"f22d897\" data-element_type=\"section\" data-e-type=\"section\">\n\t\t\t\t\t\t<div class=\"elementor-container elementor-column-gap-default\">\n\t\t\t\t\t<div class=\"elementor-column elementor-col-100 elementor-top-column elementor-element elementor-element-6425dbc\" data-id=\"6425dbc\" data-element_type=\"column\" data-e-type=\"column\">\n\t\t\t<div class=\"elementor-widget-wrap\">\n\t\t\t\t\t\t\t<\/div>\n\t\t<\/div>\n\t\t\t\t\t<\/div>\n\t\t<\/section>\n\t\t\t\t<section class=\"elementor-section elementor-top-section elementor-element elementor-element-e1190cc elementor-section-boxed elementor-section-height-default elementor-section-height-default\" data-id=\"e1190cc\" data-element_type=\"section\" data-e-type=\"section\">\n\t\t\t\t\t\t<div class=\"elementor-container elementor-column-gap-default\">\n\t\t\t\t\t<div class=\"elementor-column elementor-col-100 elementor-top-column elementor-element elementor-element-db7207b\" data-id=\"db7207b\" data-element_type=\"column\" data-e-type=\"column\">\n\t\t\t<div class=\"elementor-widget-wrap elementor-element-populated\">\n\t\t\t\t\t\t<div class=\"elementor-element elementor-element-b18e171 animated-fast elementor-invisible elementor-widget elementor-widget-heading\" data-id=\"b18e171\" data-element_type=\"widget\" data-e-type=\"widget\" data-settings=\"{&quot;_animation&quot;:&quot;fadeIn&quot;}\" data-widget_type=\"heading.default\">\n\t\t\t\t<div class=\"elementor-widget-container\">\n\t\t\t\t\t<h1 class=\"elementor-heading-title elementor-size-default\">EVENTOS<\/h1>\t\t\t\t<\/div>\n\t\t\t\t<\/div>\n\t\t\t\t<div class=\"elementor-element elementor-element-e8bde70 elementor-invisible elementor-widget elementor-widget-text-editor\" data-id=\"e8bde70\" data-element_type=\"widget\" data-e-type=\"widget\" data-settings=\"{&quot;_animation&quot;:&quot;fadeIn&quot;}\" data-widget_type=\"text-editor.default\">\n\t\t\t\t<div class=\"elementor-widget-container\">\n\t\t\t\t\t\t\t\t\t<p>En esta secci\u00f3n presentamos los eventos y participaciones del Raquetbol en Guatemala<\/p>\t\t\t\t\t\t\t\t<\/div>\n\t\t\t\t<\/div>\n\t\t\t\t<div class=\"elementor-element elementor-element-ae61cfe elementor-widget elementor-widget-image\" data-id=\"ae61cfe\" data-element_type=\"widget\" data-e-type=\"widget\" data-widget_type=\"image.default\">\n\t\t\t\t<div class=\"elementor-widget-container\">\n\t\t\t\t\t\t\t\t\t\t\t\t\t\t\t<img decoding=\"async\" width=\"120\" height=\"41\" src=\"https:\/\/raquetbol.com.gt\/home\/wp-content\/uploads\/2018\/10\/divider-free-img.png\" class=\"attachment-full size-full wp-image-40\" alt=\"\" \/>\t\t\t\t\t\t\t\t\t\t\t\t\t\t\t<\/div>\n\t\t\t\t<\/div>\n\t\t\t\t\t<\/div>\n\t\t<\/div>\n\t\t\t\t\t<\/div>\n\t\t<\/section>\n\t\t\t\t<section class=\"elementor-section elementor-top-section elementor-element elementor-element-4cee081 elementor-section-boxed elementor-section-height-default elementor-section-height-default\" data-id=\"4cee081\" data-element_type=\"section\" data-e-type=\"section\">\n\t\t\t\t\t\t<div class=\"elementor-container elementor-column-gap-default\">\n\t\t\t\t\t<div class=\"elementor-column elementor-col-100 elementor-top-column elementor-element elementor-element-823e4cc\" data-id=\"823e4cc\" data-element_type=\"column\" data-e-type=\"column\">\n\t\t\t<div class=\"elementor-widget-wrap\">\n\t\t\t\t\t\t\t<\/div>\n\t\t<\/div>\n\t\t\t\t\t<\/div>\n\t\t<\/section>\n\t\t\t\t<section class=\"elementor-section elementor-top-section elementor-element elementor-element-941c150 elementor-section-boxed elementor-section-height-default elementor-section-height-default\" data-id=\"941c150\" data-element_type=\"section\" data-e-type=\"section\">\n\t\t\t\t\t\t<div class=\"elementor-container elementor-column-gap-default\">\n\t\t\t\t\t<div class=\"elementor-column elementor-col-100 elementor-top-column elementor-element elementor-element-6a0c9ad\" data-id=\"6a0c9ad\" data-element_type=\"column\" data-e-type=\"column\">\n\t\t\t<div class=\"elementor-widget-wrap elementor-element-populated\">\n\t\t\t\t\t\t<div class=\"elementor-element elementor-element-e285ce3 elementor-grid-3 elementor-grid-tablet-2 elementor-grid-mobile-1 elementor-posts--thumbnail-top elementor-card-shadow-yes elementor-posts__hover-gradient elementor-widget elementor-widget-posts\" data-id=\"e285ce3\" data-element_type=\"widget\" data-e-type=\"widget\" data-settings=\"{&quot;pagination_type&quot;:&quot;numbers_and_prev_next&quot;,&quot;cards_masonry&quot;:&quot;yes&quot;,&quot;cards_columns&quot;:&quot;3&quot;,&quot;cards_columns_tablet&quot;:&quot;2&quot;,&quot;cards_columns_mobile&quot;:&quot;1&quot;,&quot;cards_row_gap&quot;:{&quot;unit&quot;:&quot;px&quot;,&quot;size&quot;:35,&quot;sizes&quot;:[]},&quot;cards_row_gap_tablet&quot;:{&quot;unit&quot;:&quot;px&quot;,&quot;size&quot;:&quot;&quot;,&quot;sizes&quot;:[]},&quot;cards_row_gap_mobile&quot;:{&quot;unit&quot;:&quot;px&quot;,&quot;size&quot;:&quot;&quot;,&quot;sizes&quot;:[]}}\" data-widget_type=\"posts.cards\">\n\t\t\t\t<div class=\"elementor-widget-container\">\n\t\t\t\t\t\t\t<div class=\"elementor-posts-container elementor-posts elementor-posts--skin-cards elementor-grid\" role=\"list\">\n\t\t\t\t<article class=\"elementor-post elementor-grid-item post-3669 post type-post status-publish format-standard has-post-thumbnail hentry category-eventos tag-campeonato-panamericano tag-categoria-mayor tag-guatemala tag-irf tag-raquetball tag-selectivo-nacional\" role=\"listitem\">\n\t\t\t<div class=\"elementor-post__card\">\n\t\t\t\t<a class=\"elementor-post__thumbnail__link\" href=\"https:\/\/raquetbol.com.gt\/home\/2025\/03\/03\/concluye-con-exito-el-primer-selectivo-nacional\/\" tabindex=\"-1\" ><div class=\"elementor-post__thumbnail\"><img fetchpriority=\"high\" decoding=\"async\" width=\"300\" height=\"202\" src=\"https:\/\/raquetbol.com.gt\/home\/wp-content\/uploads\/2025\/03\/BAEDE9CE-0206-42F1-993C-77AA181ABB6C-300x202.jpeg\" class=\"attachment-medium size-medium wp-image-3670\" alt=\"\" srcset=\"https:\/\/raquetbol.com.gt\/home\/wp-content\/uploads\/2025\/03\/BAEDE9CE-0206-42F1-993C-77AA181ABB6C-300x202.jpeg 300w, https:\/\/raquetbol.com.gt\/home\/wp-content\/uploads\/2025\/03\/BAEDE9CE-0206-42F1-993C-77AA181ABB6C-1024x690.jpeg 1024w, https:\/\/raquetbol.com.gt\/home\/wp-content\/uploads\/2025\/03\/BAEDE9CE-0206-42F1-993C-77AA181ABB6C-768x517.jpeg 768w, https:\/\/raquetbol.com.gt\/home\/wp-content\/uploads\/2025\/03\/BAEDE9CE-0206-42F1-993C-77AA181ABB6C-1536x1035.jpeg 1536w, https:\/\/raquetbol.com.gt\/home\/wp-content\/uploads\/2025\/03\/BAEDE9CE-0206-42F1-993C-77AA181ABB6C-2048x1380.jpeg 2048w\" sizes=\"(max-width: 300px) 100vw, 300px\" \/><\/div><\/a>\n\t\t\t\t<div class=\"elementor-post__badge\">Eventos<\/div>\n\t\t\t\t<div class=\"elementor-post__text\">\n\t\t\t\t<h3 class=\"elementor-post__title\">\n\t\t\t<a href=\"https:\/\/raquetbol.com.gt\/home\/2025\/03\/03\/concluye-con-exito-el-primer-selectivo-nacional\/\" >\n\t\t\t\tConcluye con \u00e9xito el primer Selectivo Nacional\t\t\t<\/a>\n\t\t<\/h3>\n\t\t\t\t<div class=\"elementor-post__excerpt\">\n\t\t\t<p>La temporada 2025 de competencias arranc\u00f3 en forma oficial para el Raquetbol de Guatemala luego de la celebraci\u00f3n, entre el 26 y el 28 de<\/p>\n\t\t<\/div>\n\t\t\n\t\t<a class=\"elementor-post__read-more\" href=\"https:\/\/raquetbol.com.gt\/home\/2025\/03\/03\/concluye-con-exito-el-primer-selectivo-nacional\/\" aria-label=\"M\u00e1s informaci\u00f3n sobre Concluye con \u00e9xito el primer Selectivo Nacional\" tabindex=\"-1\" >\n\t\t\tLeer M\u00e1s \u00bb\t\t<\/a>\n\n\t\t\t\t<\/div>\n\t\t\t\t<div class=\"elementor-post__meta-data\">\n\t\t\t\t\t<span class=\"elementor-post-date\">\n\t\t\tmarzo 3, 2025\t\t<\/span>\n\t\t\t\t<span class=\"elementor-post-avatar\">\n\t\t\tNo hay comentarios\t\t<\/span>\n\t\t\t\t<\/div>\n\t\t\t\t\t<\/div>\n\t\t<\/article>\n\t\t\t\t<article class=\"elementor-post elementor-grid-item post-2686 post type-post status-publish format-standard has-post-thumbnail hentry category-eventos category-noticias tag-campeonato-panamericano tag-guatemala tag-irf tag-juegos-c-a-y-del-caribe tag-juegos-panamericanos tag-parc tag-raquetbol\" role=\"listitem\">\n\t\t\t<div class=\"elementor-post__card\">\n\t\t\t\t<a class=\"elementor-post__thumbnail__link\" href=\"https:\/\/raquetbol.com.gt\/home\/2023\/04\/10\/el-saldo-del-xxxiv-panamericano-ocho-medallas-y-clasificacion-para-proximos-eventos\/\" tabindex=\"-1\" ><div class=\"elementor-post__thumbnail\"><img decoding=\"async\" width=\"300\" height=\"130\" src=\"https:\/\/raquetbol.com.gt\/home\/wp-content\/uploads\/2023\/04\/IMG_7565-scaled-e1681156192493-300x130.jpg\" class=\"attachment-medium size-medium wp-image-2695\" alt=\"\" srcset=\"https:\/\/raquetbol.com.gt\/home\/wp-content\/uploads\/2023\/04\/IMG_7565-scaled-e1681156192493-300x130.jpg 300w, https:\/\/raquetbol.com.gt\/home\/wp-content\/uploads\/2023\/04\/IMG_7565-scaled-e1681156192493-1024x445.jpg 1024w, https:\/\/raquetbol.com.gt\/home\/wp-content\/uploads\/2023\/04\/IMG_7565-scaled-e1681156192493-768x334.jpg 768w, https:\/\/raquetbol.com.gt\/home\/wp-content\/uploads\/2023\/04\/IMG_7565-scaled-e1681156192493-1536x667.jpg 1536w, https:\/\/raquetbol.com.gt\/home\/wp-content\/uploads\/2023\/04\/IMG_7565-scaled-e1681156192493-2048x890.jpg 2048w\" sizes=\"(max-width: 300px) 100vw, 300px\" \/><\/div><\/a>\n\t\t\t\t<div class=\"elementor-post__badge\">Eventos<\/div>\n\t\t\t\t<div class=\"elementor-post__text\">\n\t\t\t\t<h3 class=\"elementor-post__title\">\n\t\t\t<a href=\"https:\/\/raquetbol.com.gt\/home\/2023\/04\/10\/el-saldo-del-xxxiv-panamericano-ocho-medallas-y-clasificacion-para-proximos-eventos\/\" >\n\t\t\t\tEl saldo del XXXIV Panamericano: Ocho medallas y clasificaci\u00f3n para pr\u00f3ximos eventos\t\t\t<\/a>\n\t\t<\/h3>\n\t\t\t\t<div class=\"elementor-post__excerpt\">\n\t\t\t<p>Con \u00e9xito se llev\u00f3 a cabo, entre el 1 y el 8 de abril, en las instalaciones de la Asociaci\u00f3n Nacional de Raquetbol la edici\u00f3n<\/p>\n\t\t<\/div>\n\t\t\n\t\t<a class=\"elementor-post__read-more\" href=\"https:\/\/raquetbol.com.gt\/home\/2023\/04\/10\/el-saldo-del-xxxiv-panamericano-ocho-medallas-y-clasificacion-para-proximos-eventos\/\" aria-label=\"M\u00e1s informaci\u00f3n sobre El saldo del XXXIV Panamericano: Ocho medallas y clasificaci\u00f3n para pr\u00f3ximos eventos\" tabindex=\"-1\" >\n\t\t\tLeer M\u00e1s \u00bb\t\t<\/a>\n\n\t\t\t\t<\/div>\n\t\t\t\t<div class=\"elementor-post__meta-data\">\n\t\t\t\t\t<span class=\"elementor-post-date\">\n\t\t\tabril 10, 2023\t\t<\/span>\n\t\t\t\t<span class=\"elementor-post-avatar\">\n\t\t\tNo hay comentarios\t\t<\/span>\n\t\t\t\t<\/div>\n\t\t\t\t\t<\/div>\n\t\t<\/article>\n\t\t\t\t<article class=\"elementor-post elementor-grid-item post-2584 post type-post status-publish format-standard has-post-thumbnail hentry category-eventos category-noticias tag-asoraquet tag-campeonato-nacional tag-campeonato-panamericano tag-categoria-mayor tag-guatemala tag-raquetbol\" role=\"listitem\">\n\t\t\t<div class=\"elementor-post__card\">\n\t\t\t\t<a class=\"elementor-post__thumbnail__link\" href=\"https:\/\/raquetbol.com.gt\/home\/2023\/02\/13\/el-campeonato-nacional-marca-la-ruta-hacia-el-panamericano\/\" tabindex=\"-1\" ><div class=\"elementor-post__thumbnail\"><img loading=\"lazy\" decoding=\"async\" width=\"300\" height=\"189\" src=\"https:\/\/raquetbol.com.gt\/home\/wp-content\/uploads\/2023\/02\/Afiche-Nacional-Raquet-Post-de-Facebook-Horizontal-e1676313444325-300x189.png\" class=\"attachment-medium size-medium wp-image-2583\" alt=\"\" srcset=\"https:\/\/raquetbol.com.gt\/home\/wp-content\/uploads\/2023\/02\/Afiche-Nacional-Raquet-Post-de-Facebook-Horizontal-e1676313444325-300x189.png 300w, https:\/\/raquetbol.com.gt\/home\/wp-content\/uploads\/2023\/02\/Afiche-Nacional-Raquet-Post-de-Facebook-Horizontal-e1676313444325-1024x645.png 1024w, https:\/\/raquetbol.com.gt\/home\/wp-content\/uploads\/2023\/02\/Afiche-Nacional-Raquet-Post-de-Facebook-Horizontal-e1676313444325-768x484.png 768w, https:\/\/raquetbol.com.gt\/home\/wp-content\/uploads\/2023\/02\/Afiche-Nacional-Raquet-Post-de-Facebook-Horizontal-e1676313444325-1536x967.png 1536w, https:\/\/raquetbol.com.gt\/home\/wp-content\/uploads\/2023\/02\/Afiche-Nacional-Raquet-Post-de-Facebook-Horizontal-e1676313444325-2048x1290.png 2048w\" sizes=\"(max-width: 300px) 100vw, 300px\" \/><\/div><\/a>\n\t\t\t\t<div class=\"elementor-post__badge\">Eventos<\/div>\n\t\t\t\t<div class=\"elementor-post__text\">\n\t\t\t\t<h3 class=\"elementor-post__title\">\n\t\t\t<a href=\"https:\/\/raquetbol.com.gt\/home\/2023\/02\/13\/el-campeonato-nacional-marca-la-ruta-hacia-el-panamericano\/\" >\n\t\t\t\tEl campeonato nacional marca la ruta hacia el panamericano\t\t\t<\/a>\n\t\t<\/h3>\n\t\t\t\t<div class=\"elementor-post__excerpt\">\n\t\t\t<p>Entre el jueves 2 y el s\u00e1bado 5 de marzo, las canchas de la Asociaci\u00f3n Nacional de Raquetbol en la zona 13, ser\u00e1n el escenario<\/p>\n\t\t<\/div>\n\t\t\n\t\t<a class=\"elementor-post__read-more\" href=\"https:\/\/raquetbol.com.gt\/home\/2023\/02\/13\/el-campeonato-nacional-marca-la-ruta-hacia-el-panamericano\/\" aria-label=\"M\u00e1s informaci\u00f3n sobre El campeonato nacional marca la ruta hacia el panamericano\" tabindex=\"-1\" >\n\t\t\tLeer M\u00e1s \u00bb\t\t<\/a>\n\n\t\t\t\t<\/div>\n\t\t\t\t<div class=\"elementor-post__meta-data\">\n\t\t\t\t\t<span class=\"elementor-post-date\">\n\t\t\tfebrero 13, 2023\t\t<\/span>\n\t\t\t\t<span class=\"elementor-post-avatar\">\n\t\t\tNo hay comentarios\t\t<\/span>\n\t\t\t\t<\/div>\n\t\t\t\t\t<\/div>\n\t\t<\/article>\n\t\t\t\t<article class=\"elementor-post elementor-grid-item post-781 post type-post status-publish format-standard has-post-thumbnail hentry category-eventos\" role=\"listitem\">\n\t\t\t<div class=\"elementor-post__card\">\n\t\t\t\t<a class=\"elementor-post__thumbnail__link\" href=\"https:\/\/raquetbol.com.gt\/home\/2020\/07\/24\/juegos-deportivos-nacionales-de-raquetbol-2018\/\" tabindex=\"-1\" ><div class=\"elementor-post__thumbnail\"><img loading=\"lazy\" decoding=\"async\" width=\"300\" height=\"211\" src=\"https:\/\/raquetbol.com.gt\/home\/wp-content\/uploads\/2020\/07\/Juegos-Deportivos-Nacionales-de-Raquetbol-2018-300x211.jpg\" class=\"attachment-medium size-medium wp-image-782\" alt=\"\" srcset=\"https:\/\/raquetbol.com.gt\/home\/wp-content\/uploads\/2020\/07\/Juegos-Deportivos-Nacionales-de-Raquetbol-2018-300x211.jpg 300w, https:\/\/raquetbol.com.gt\/home\/wp-content\/uploads\/2020\/07\/Juegos-Deportivos-Nacionales-de-Raquetbol-2018-768x540.jpg 768w, https:\/\/raquetbol.com.gt\/home\/wp-content\/uploads\/2020\/07\/Juegos-Deportivos-Nacionales-de-Raquetbol-2018.jpg 960w\" sizes=\"(max-width: 300px) 100vw, 300px\" \/><\/div><\/a>\n\t\t\t\t<div class=\"elementor-post__badge\">Eventos<\/div>\n\t\t\t\t<div class=\"elementor-post__text\">\n\t\t\t\t<h3 class=\"elementor-post__title\">\n\t\t\t<a href=\"https:\/\/raquetbol.com.gt\/home\/2020\/07\/24\/juegos-deportivos-nacionales-de-raquetbol-2018\/\" >\n\t\t\t\tJuegos Deportivos Nacionales de Raquetbol 2018\t\t\t<\/a>\n\t\t<\/h3>\n\t\t\t\t<div class=\"elementor-post__excerpt\">\n\t\t\t<p>Juegos deportivos nacionales, los cuales se llevaran a cabo del 3 al 7 de septiembre\u2026 cuadros, llaves y horarios adjuntos\u2026 CUADROS Y LLAVES https:\/\/raquetbol.com.gt\/inicio\/wp-content\/uploads\/2018\/08\/juegos-nacionales-2018-3.pdf HORARIOS<\/p>\n\t\t<\/div>\n\t\t\n\t\t<a class=\"elementor-post__read-more\" href=\"https:\/\/raquetbol.com.gt\/home\/2020\/07\/24\/juegos-deportivos-nacionales-de-raquetbol-2018\/\" aria-label=\"M\u00e1s informaci\u00f3n sobre Juegos Deportivos Nacionales de Raquetbol 2018\" tabindex=\"-1\" >\n\t\t\tLeer M\u00e1s \u00bb\t\t<\/a>\n\n\t\t\t\t<\/div>\n\t\t\t\t<div class=\"elementor-post__meta-data\">\n\t\t\t\t\t<span class=\"elementor-post-date\">\n\t\t\tjulio 24, 2020\t\t<\/span>\n\t\t\t\t<span class=\"elementor-post-avatar\">\n\t\t\tNo hay comentarios\t\t<\/span>\n\t\t\t\t<\/div>\n\t\t\t\t\t<\/div>\n\t\t<\/article>\n\t\t\t\t<article class=\"elementor-post elementor-grid-item post-778 post type-post status-publish format-standard has-post-thumbnail hentry category-eventos\" role=\"listitem\">\n\t\t\t<div class=\"elementor-post__card\">\n\t\t\t\t<a class=\"elementor-post__thumbnail__link\" href=\"https:\/\/raquetbol.com.gt\/home\/2020\/07\/24\/parada-del-tour-profesional-femenino\/\" tabindex=\"-1\" ><div class=\"elementor-post__thumbnail\"><img loading=\"lazy\" decoding=\"async\" width=\"237\" height=\"300\" src=\"https:\/\/raquetbol.com.gt\/home\/wp-content\/uploads\/2020\/07\/Parada-del-Tour-Profesional-Femenino-237x300.jpg\" class=\"attachment-medium size-medium wp-image-779\" alt=\"\" srcset=\"https:\/\/raquetbol.com.gt\/home\/wp-content\/uploads\/2020\/07\/Parada-del-Tour-Profesional-Femenino-237x300.jpg 237w, https:\/\/raquetbol.com.gt\/home\/wp-content\/uploads\/2020\/07\/Parada-del-Tour-Profesional-Femenino.jpg 300w\" sizes=\"(max-width: 237px) 100vw, 237px\" \/><\/div><\/a>\n\t\t\t\t<div class=\"elementor-post__badge\">Eventos<\/div>\n\t\t\t\t<div class=\"elementor-post__text\">\n\t\t\t\t<h3 class=\"elementor-post__title\">\n\t\t\t<a href=\"https:\/\/raquetbol.com.gt\/home\/2020\/07\/24\/parada-del-tour-profesional-femenino\/\" >\n\t\t\t\tParada del Tour Profesional Femenino\t\t\t<\/a>\n\t\t<\/h3>\n\t\t\t\t<div class=\"elementor-post__excerpt\">\n\t\t\t<p>La selecci\u00f3n Femenina de Racquetbol de Guatemala estar\u00e1 participando en el Pro Stop de kansas city, Estados Unidos a realizarse del 8 al 10 de<\/p>\n\t\t<\/div>\n\t\t\n\t\t<a class=\"elementor-post__read-more\" href=\"https:\/\/raquetbol.com.gt\/home\/2020\/07\/24\/parada-del-tour-profesional-femenino\/\" aria-label=\"M\u00e1s informaci\u00f3n sobre Parada del Tour Profesional Femenino\" tabindex=\"-1\" >\n\t\t\tLeer M\u00e1s \u00bb\t\t<\/a>\n\n\t\t\t\t<\/div>\n\t\t\t\t<div class=\"elementor-post__meta-data\">\n\t\t\t\t\t<span class=\"elementor-post-date\">\n\t\t\tjulio 24, 2020\t\t<\/span>\n\t\t\t\t<span class=\"elementor-post-avatar\">\n\t\t\tNo hay comentarios\t\t<\/span>\n\t\t\t\t<\/div>\n\t\t\t\t\t<\/div>\n\t\t<\/article>\n\t\t\t\t<\/div>\n\t\t\n\t\t\t\t\t\t<\/div>\n\t\t\t\t<\/div>\n\t\t\t\t\t<\/div>\n\t\t<\/div>\n\t\t\t\t\t<\/div>\n\t\t<\/section>\n\t\t\t\t<\/div>\n\t\t","protected":false},"excerpt":{"rendered":"<p>EVENTOS En esta secci\u00f3n presentamos los eventos y participaciones del Raquetbol en Guatemala<\/p>\n","protected":false},"author":1,"featured_media":0,"parent":0,"menu_order":0,"comment_status":"closed","ping_status":"closed","template":"","meta":{"_acf_changed":false,"site-sidebar-layout":"no-sidebar","site-content-layout":"page-builder","ast-site-content-layout":"default","site-content-style":"default","site-sidebar-style":"default","ast-global-header-display":"","ast-banner-title-visibility":"","ast-main-header-display":"","ast-hfb-above-header-display":"","ast-hfb-below-header-display":"","ast-hfb-mobile-header-display":"","site-post-title":"disabled","ast-breadcrumbs-content":"","ast-featured-img":"disabled","footer-sml-layout":"","ast-disable-related-posts":"","theme-transparent-header-meta":"default","adv-header-id-meta":"","stick-header-meta":"","header-above-stick-meta":"","header-main-stick-meta":"","header-below-stick-meta":"","astra-migrate-meta-layouts":"default","ast-page-background-enabled":"default","ast-page-background-meta":{"desktop":{"background-color":"","background-image":"","background-repeat":"repeat","background-position":"center center","background-size":"auto","background-attachment":"scroll","background-type":"","background-media":"","overlay-type":"","overlay-color":"","overlay-opacity":"","overlay-gradient":""},"tablet":{"background-color":"","background-image":"","background-repeat":"repeat","background-position":"center center","background-size":"auto","background-attachment":"scroll","background-type":"","background-media":"","overlay-type":"","overlay-color":"","overlay-opacity":"","overlay-gradient":""},"mobile":{"background-color":"","background-image":"","background-repeat":"repeat","background-position":"center center","background-size":"auto","background-attachment":"scroll","background-type":"","background-media":"","overlay-type":"","overlay-color":"","overlay-opacity":"","overlay-gradient":""}},"ast-content-background-meta":{"desktop":{"background-color":"var(--ast-global-color-5)","background-image":"","background-repeat":"repeat","background-position":"center center","background-size":"auto","background-attachment":"scroll","background-type":"","background-media":"","overlay-type":"","overlay-color":"","overlay-opacity":"","overlay-gradient":""},"tablet":{"background-color":"var(--ast-global-color-5)","background-image":"","background-repeat":"repeat","background-position":"center center","background-size":"auto","background-attachment":"scroll","background-type":"","background-media":"","overlay-type":"","overlay-color":"","overlay-opacity":"","overlay-gradient":""},"mobile":{"background-color":"var(--ast-global-color-5)","background-image":"","background-repeat":"repeat","background-position":"center center","background-size":"auto","background-attachment":"scroll","background-type":"","background-media":"","overlay-type":"","overlay-color":"","overlay-opacity":"","overlay-gradient":""}},"footnotes":""},"class_list":["post-1322","page","type-page","status-publish","hentry"],"acf":[],"_links":{"self":[{"href":"https:\/\/raquetbol.com.gt\/home\/wp-json\/wp\/v2\/pages\/1322","targetHints":{"allow":["GET"]}}],"collection":[{"href":"https:\/\/raquetbol.com.gt\/home\/wp-json\/wp\/v2\/pages"}],"about":[{"href":"https:\/\/raquetbol.com.gt\/home\/wp-json\/wp\/v2\/types\/page"}],"author":[{"embeddable":true,"href":"https:\/\/raquetbol.com.gt\/home\/wp-json\/wp\/v2\/users\/1"}],"replies":[{"embeddable":true,"href":"https:\/\/raquetbol.com.gt\/home\/wp-json\/wp\/v2\/comments?post=1322"}],"version-history":[{"count":2,"href":"https:\/\/raquetbol.com.gt\/home\/wp-json\/wp\/v2\/pages\/1322\/revisions"}],"predecessor-version":[{"id":1325,"href":"https:\/\/raquetbol.com.gt\/home\/wp-json\/wp\/v2\/pages\/1322\/revisions\/1325"}],"wp:attachment":[{"href":"https:\/\/raquetbol.com.gt\/home\/wp-json\/wp\/v2\/media?parent=1322"}],"curies":[{"name":"wp","href":"https:\/\/api.w.org\/{rel}","templated":true}]}}